{"id":520,"date":"2020-09-15T09:14:28","date_gmt":"2020-09-15T09:14:28","guid":{"rendered":"http:\/\/test.somitech.net\/juglar\/?page_id=520"},"modified":"2020-09-15T18:05:36","modified_gmt":"2020-09-15T18:05:36","slug":"mision-y-vision","status":"publish","type":"page","link":"https:\/\/www.eljuglarcultural.com.pe\/web\/mision-y-vision\/","title":{"rendered":"Misi\u00f3n y Visi\u00f3n"},"content":{"rendered":"\t\t<div data-elementor-type=\"wp-page\" data-elementor-id=\"520\" class=\"elementor elementor-520\" data-elementor-settings=\"[]\">\n\t\t\t\t\t\t<div class=\"elementor-inner\">\n\t\t\t\t\t\t\t<div class=\"elementor-section-wrap\">\n\t\t\t\t\t\t\t<section class=\"elementor-section elementor-top-section elementor-element elementor-element-afa7238 elementor-section-boxed elementor-section-height-default elementor-section-height-default\" data-id=\"afa7238\" data-element_type=\"section\">\n\t\t\t\t\t\t<div class=\"elementor-container elementor-column-gap-default\">\n\t\t\t\t\t\t\t<div class=\"elementor-row\">\n\t\t\t\t\t<div class=\"elementor-column elementor-col-100 elementor-top-column elementor-element elementor-element-ee2be49\" data-id=\"ee2be49\" data-element_type=\"column\">\n\t\t\t<div class=\"elementor-column-wrap elementor-element-populated\">\n\t\t\t\t\t\t\t<div class=\"elementor-widget-wrap\">\n\t\t\t\t\t\t<div class=\"elementor-element elementor-element-1638e1e elementor-widget elementor-widget-heading\" data-id=\"1638e1e\" data-element_type=\"widget\" data-widget_type=\"heading.default\">\n\t\t\t\t<div class=\"elementor-widget-container\">\n\t\t\t<h4 class=\"elementor-heading-title elementor-size-default\">Misi\u00f3n<\/h4>\t\t<\/div>\n\t\t\t\t<\/div>\n\t\t\t\t<div class=\"elementor-element elementor-element-f488d81 elementor-widget elementor-widget-text-editor\" data-id=\"f488d81\" data-element_type=\"widget\" data-widget_type=\"text-editor.default\">\n\t\t\t\t<div class=\"elementor-widget-container\">\n\t\t\t\t\t\t\t\t<div class=\"elementor-text-editor elementor-clearfix\">\n\t\t\t\t\t<p style=\"text-align: left;\">Somos una Asociaci\u00f3n Cultural, sin fines de lucro,\u00a0 que provee actividades de alta calidad art\u00edstica basados en la investigaci\u00f3n y con el apoyo de la tecnolog\u00eda.<\/p><p style=\"text-align: left;\"><span style=\"font-size: 14px; text-align: center;\">Contamos con un equipo profesional competente y comprometido, el cu\u00e1l potencia sus capacidades y talentos en cada una de las actividades realizada.<\/span><\/p><p style=\"text-align: left;\"><span style=\"font-size: 14px; text-align: center;\">Promovemos el respeto por la diversidad cultural, las carater\u00edsticas individuales y el trabajo cooperativo, motivando, a trav\u00e9s de nuestro trabajo, a la formaci\u00f3n de seres pensantes, cr\u00edticos y ciudadanos responsables con s\u00f3lidos valores morales.<\/span><\/p>\t\t\t\t\t<\/div>\n\t\t\t\t\t\t<\/div>\n\t\t\t\t<\/div>\n\t\t\t\t\t\t<\/div>\n\t\t\t\t\t<\/div>\n\t\t<\/div>\n\t\t\t\t\t\t\t\t<\/div>\n\t\t\t\t\t<\/div>\n\t\t<\/section>\n\t\t\t\t<section class=\"elementor-section elementor-top-section elementor-element elementor-element-dbc2d1d elementor-section-boxed elementor-section-height-default elementor-section-height-default\" data-id=\"dbc2d1d\" data-element_type=\"section\">\n\t\t\t\t\t\t<div class=\"elementor-container elementor-column-gap-default\">\n\t\t\t\t\t\t\t<div class=\"elementor-row\">\n\t\t\t\t\t<div class=\"elementor-column elementor-col-100 elementor-top-column elementor-element elementor-element-2ff1a86\" data-id=\"2ff1a86\" data-element_type=\"column\">\n\t\t\t<div class=\"elementor-column-wrap elementor-element-populated\">\n\t\t\t\t\t\t\t<div class=\"elementor-widget-wrap\">\n\t\t\t\t\t\t<div class=\"elementor-element elementor-element-defa385 elementor-widget elementor-widget-heading\" data-id=\"defa385\" data-element_type=\"widget\" data-widget_type=\"heading.default\">\n\t\t\t\t<div class=\"elementor-widget-container\">\n\t\t\t<h4 class=\"elementor-heading-title elementor-size-default\">Visi\u00f3n<\/h4>\t\t<\/div>\n\t\t\t\t<\/div>\n\t\t\t\t<div class=\"elementor-element elementor-element-2ecf33b elementor-widget elementor-widget-text-editor\" data-id=\"2ecf33b\" data-element_type=\"widget\" data-widget_type=\"text-editor.default\">\n\t\t\t\t<div class=\"elementor-widget-container\">\n\t\t\t\t\t\t\t\t<div class=\"elementor-text-editor elementor-clearfix\">\n\t\t\t\t\t<p style=\"text-align: left;\">Ser una Asociaci\u00f3n reconocida en el medio por brindar espect\u00e1culos teatrales, talleres de libre expresi\u00f3n y toda actividad relacionada con el teatro y la educaci\u00f3n, preocup\u00e1ndose por la calidad, contribuyendo a la formaci\u00f3n de personas \u00edntegras, con valores que les permitan enfrentar con sensibilidad, \u00e9xito y optimismo los desaf\u00edos de una sociedad en constante evoluci\u00f3n.<\/p>\t\t\t\t\t<\/div>\n\t\t\t\t\t\t<\/div>\n\t\t\t\t<\/div>\n\t\t\t\t\t\t<\/div>\n\t\t\t\t\t<\/div>\n\t\t<\/div>\n\t\t\t\t\t\t\t\t<\/div>\n\t\t\t\t\t<\/div>\n\t\t<\/section>\n\t\t\t\t\t\t<\/div>\n\t\t\t\t\t\t<\/div>\n\t\t\t\t\t<\/div>\n\t\t","protected":false},"excerpt":{"rendered":"<p>Misi\u00f3n Somos una Asociaci\u00f3n Cultural, sin fines de lucro,&nbsp; que provee actividades de alta calidad art\u00edstica basados en la investigaci\u00f3n y con el apoyo de la tecnolog\u00eda. Contamos con un [&hellip;]<\/p>\n","protected":false},"author":1,"featured_media":0,"parent":0,"menu_order":0,"comment_status":"closed","ping_status":"closed","template":"","meta":{"_mi_skip_tracking":false,"_monsterinsights_sitenote_active":false,"_monsterinsights_sitenote_note":"","_monsterinsights_sitenote_category":0,"ocean_post_layout":"","ocean_both_sidebars_style":"","ocean_both_sidebars_content_width":0,"ocean_both_sidebars_sidebars_width":0,"ocean_sidebar":"0","ocean_second_sidebar":"0","ocean_disable_margins":"enable","ocean_add_body_class":"","ocean_shortcode_before_top_bar":"","ocean_shortcode_after_top_bar":"","ocean_shortcode_before_header":"","ocean_shortcode_after_header":"","ocean_has_shortcode":"","ocean_shortcode_after_title":"","ocean_shortcode_before_footer_widgets":"","ocean_shortcode_after_footer_widgets":"","ocean_shortcode_before_footer_bottom":"","ocean_shortcode_after_footer_bottom":"","ocean_display_top_bar":"default","ocean_display_header":"default","ocean_header_style":"","ocean_center_header_left_menu":"0","ocean_custom_header_template":"0","ocean_custom_logo":0,"ocean_custom_retina_logo":0,"ocean_custom_logo_max_width":0,"ocean_custom_logo_tablet_max_width":0,"ocean_custom_logo_mobile_max_width":0,"ocean_custom_logo_max_height":0,"ocean_custom_logo_tablet_max_height":0,"ocean_custom_logo_mobile_max_height":0,"ocean_header_custom_menu":"0","ocean_menu_typo_font_family":"0","ocean_menu_typo_font_subset":"","ocean_menu_typo_font_size":0,"ocean_menu_typo_font_size_tablet":0,"ocean_menu_typo_font_size_mobile":0,"ocean_menu_typo_font_size_unit":"px","ocean_menu_typo_font_weight":"","ocean_menu_typo_font_weight_tablet":"","ocean_menu_typo_font_weight_mobile":"","ocean_menu_typo_transform":"","ocean_menu_typo_transform_tablet":"","ocean_menu_typo_transform_mobile":"","ocean_menu_typo_line_height":0,"ocean_menu_typo_line_height_tablet":0,"ocean_menu_typo_line_height_mobile":0,"ocean_menu_typo_line_height_unit":"","ocean_menu_typo_spacing":0,"ocean_menu_typo_spacing_tablet":0,"ocean_menu_typo_spacing_mobile":0,"ocean_menu_typo_spacing_unit":"","ocean_menu_link_color":"","ocean_menu_link_color_hover":"","ocean_menu_link_color_active":"","ocean_menu_link_background":"","ocean_menu_link_hover_background":"","ocean_menu_link_active_background":"","ocean_menu_social_links_bg":"","ocean_menu_social_hover_links_bg":"","ocean_menu_social_links_color":"","ocean_menu_social_hover_links_color":"","ocean_disable_title":"default","ocean_disable_heading":"default","ocean_post_title":"","ocean_post_subheading":"","ocean_post_title_style":"","ocean_post_title_background_color":"","ocean_post_title_background":0,"ocean_post_title_bg_image_position":"","ocean_post_title_bg_image_attachment":"","ocean_post_title_bg_image_repeat":"","ocean_post_title_bg_image_size":"","ocean_post_title_height":0,"ocean_post_title_bg_overlay":0.5,"ocean_post_title_bg_overlay_color":"","ocean_disable_breadcrumbs":"default","ocean_breadcrumbs_color":"","ocean_breadcrumbs_separator_color":"","ocean_breadcrumbs_links_color":"","ocean_breadcrumbs_links_hover_color":"","ocean_display_footer_widgets":"default","ocean_display_footer_bottom":"default","ocean_custom_footer_template":"0"},"yoast_head":"<!-- This site is optimized with the Yoast SEO plugin v17.1 - https:\/\/yoast.com\/wordpress\/plugins\/seo\/ -->\n<title>Misi\u00f3n y Visi\u00f3n &raquo; El Juglar Asociaci\u00f3n Cultural<\/title>\n<meta name=\"robots\" content=\"index, follow, max-snippet:-1, max-image-preview:large, max-video-preview:-1\" \/>\n<link rel=\"canonical\" href=\"https:\/\/www.eljuglarcultural.com.pe\/web\/mision-y-vision\/\" \/>\n<meta property=\"og:locale\" content=\"es_ES\" \/>\n<meta property=\"og:type\" content=\"article\" \/>\n<meta property=\"og:title\" content=\"Misi\u00f3n y Visi\u00f3n &raquo; El Juglar Asociaci\u00f3n Cultural\" \/>\n<meta property=\"og:description\" content=\"Misi\u00f3n Somos una Asociaci\u00f3n Cultural, sin fines de lucro,&nbsp; que provee actividades de alta calidad art\u00edstica basados en la investigaci\u00f3n y con el apoyo de la tecnolog\u00eda. Contamos con un [&hellip;]\" \/>\n<meta property=\"og:url\" content=\"https:\/\/www.eljuglarcultural.com.pe\/web\/mision-y-vision\/\" \/>\n<meta property=\"og:site_name\" content=\"El Juglar Asociaci\u00f3n Cultural\" \/>\n<meta property=\"article:publisher\" content=\"https:\/\/www.facebook.com\/ElJuglarAsociacionCultural\/\" \/>\n<meta property=\"article:modified_time\" content=\"2020-09-15T18:05:36+00:00\" \/>\n<meta name=\"twitter:card\" content=\"summary_large_image\" \/>\n<meta name=\"twitter:label1\" content=\"Tiempo de lectura\" \/>\n\t<meta name=\"twitter:data1\" content=\"1 minuto\" \/>\n<script type=\"application\/ld+json\" class=\"yoast-schema-graph\">{\"@context\":\"https:\/\/schema.org\",\"@graph\":[{\"@type\":\"Organization\",\"@id\":\"https:\/\/www.eljuglarcultural.com.pe\/web\/#organization\",\"name\":\"El Juglar Asociaci\\u00f3n Cultural\",\"url\":\"https:\/\/www.eljuglarcultural.com.pe\/web\/\",\"sameAs\":[\"https:\/\/www.facebook.com\/ElJuglarAsociacionCultural\/\",\"https:\/\/www.instagram.com\/eljuglarcultural\/\"],\"logo\":{\"@type\":\"ImageObject\",\"@id\":\"https:\/\/www.eljuglarcultural.com.pe\/web\/#logo\",\"inLanguage\":\"es\",\"url\":\"https:\/\/www.eljuglarcultural.com.pe\/web\/wp-content\/uploads\/2020\/11\/LogoEGAC_1.png\",\"contentUrl\":\"https:\/\/www.eljuglarcultural.com.pe\/web\/wp-content\/uploads\/2020\/11\/LogoEGAC_1.png\",\"width\":1372,\"height\":568,\"caption\":\"El Juglar Asociaci\\u00f3n Cultural\"},\"image\":{\"@id\":\"https:\/\/www.eljuglarcultural.com.pe\/web\/#logo\"}},{\"@type\":\"WebSite\",\"@id\":\"https:\/\/www.eljuglarcultural.com.pe\/web\/#website\",\"url\":\"https:\/\/www.eljuglarcultural.com.pe\/web\/\",\"name\":\"El Juglar Asociaci\\u00f3n Cultural\",\"description\":\"Juglar Asociaci\\u00f3n Cultural Teatro Talleres Juglareando Montajes\",\"publisher\":{\"@id\":\"https:\/\/www.eljuglarcultural.com.pe\/web\/#organization\"},\"potentialAction\":[{\"@type\":\"SearchAction\",\"target\":{\"@type\":\"EntryPoint\",\"urlTemplate\":\"https:\/\/www.eljuglarcultural.com.pe\/web\/?s={search_term_string}\"},\"query-input\":\"required name=search_term_string\"}],\"inLanguage\":\"es\"},{\"@type\":\"WebPage\",\"@id\":\"https:\/\/www.eljuglarcultural.com.pe\/web\/mision-y-vision\/#webpage\",\"url\":\"https:\/\/www.eljuglarcultural.com.pe\/web\/mision-y-vision\/\",\"name\":\"Misi\\u00f3n y Visi\\u00f3n &raquo; El Juglar Asociaci\\u00f3n Cultural\",\"isPartOf\":{\"@id\":\"https:\/\/www.eljuglarcultural.com.pe\/web\/#website\"},\"datePublished\":\"2020-09-15T09:14:28+00:00\",\"dateModified\":\"2020-09-15T18:05:36+00:00\",\"breadcrumb\":{\"@id\":\"https:\/\/www.eljuglarcultural.com.pe\/web\/mision-y-vision\/#breadcrumb\"},\"inLanguage\":\"es\",\"potentialAction\":[{\"@type\":\"ReadAction\",\"target\":[\"https:\/\/www.eljuglarcultural.com.pe\/web\/mision-y-vision\/\"]}]},{\"@type\":\"BreadcrumbList\",\"@id\":\"https:\/\/www.eljuglarcultural.com.pe\/web\/mision-y-vision\/#breadcrumb\",\"itemListElement\":[{\"@type\":\"ListItem\",\"position\":1,\"name\":\"Home\",\"item\":\"https:\/\/www.eljuglarcultural.com.pe\/web\/\"},{\"@type\":\"ListItem\",\"position\":2,\"name\":\"Misi\\u00f3n y Visi\\u00f3n\"}]}]}<\/script>\n<!-- \/ Yoast SEO plugin. -->","yoast_head_json":{"title":"Misi\u00f3n y Visi\u00f3n &raquo; El Juglar Asociaci\u00f3n Cultural","robots":{"index":"index","follow":"follow","max-snippet":"max-snippet:-1","max-image-preview":"max-image-preview:large","max-video-preview":"max-video-preview:-1"},"canonical":"https:\/\/www.eljuglarcultural.com.pe\/web\/mision-y-vision\/","og_locale":"es_ES","og_type":"article","og_title":"Misi\u00f3n y Visi\u00f3n &raquo; El Juglar Asociaci\u00f3n Cultural","og_description":"Misi\u00f3n Somos una Asociaci\u00f3n Cultural, sin fines de lucro,&nbsp; que provee actividades de alta calidad art\u00edstica basados en la investigaci\u00f3n y con el apoyo de la tecnolog\u00eda. Contamos con un [&hellip;]","og_url":"https:\/\/www.eljuglarcultural.com.pe\/web\/mision-y-vision\/","og_site_name":"El Juglar Asociaci\u00f3n Cultural","article_publisher":"https:\/\/www.facebook.com\/ElJuglarAsociacionCultural\/","article_modified_time":"2020-09-15T18:05:36+00:00","twitter_card":"summary_large_image","twitter_misc":{"Tiempo de lectura":"1 minuto"},"schema":{"@context":"https:\/\/schema.org","@graph":[{"@type":"Organization","@id":"https:\/\/www.eljuglarcultural.com.pe\/web\/#organization","name":"El Juglar Asociaci\u00f3n Cultural","url":"https:\/\/www.eljuglarcultural.com.pe\/web\/","sameAs":["https:\/\/www.facebook.com\/ElJuglarAsociacionCultural\/","https:\/\/www.instagram.com\/eljuglarcultural\/"],"logo":{"@type":"ImageObject","@id":"https:\/\/www.eljuglarcultural.com.pe\/web\/#logo","inLanguage":"es","url":"https:\/\/www.eljuglarcultural.com.pe\/web\/wp-content\/uploads\/2020\/11\/LogoEGAC_1.png","contentUrl":"https:\/\/www.eljuglarcultural.com.pe\/web\/wp-content\/uploads\/2020\/11\/LogoEGAC_1.png","width":1372,"height":568,"caption":"El Juglar Asociaci\u00f3n Cultural"},"image":{"@id":"https:\/\/www.eljuglarcultural.com.pe\/web\/#logo"}},{"@type":"WebSite","@id":"https:\/\/www.eljuglarcultural.com.pe\/web\/#website","url":"https:\/\/www.eljuglarcultural.com.pe\/web\/","name":"El Juglar Asociaci\u00f3n Cultural","description":"Juglar Asociaci\u00f3n Cultural Teatro Talleres Juglareando Montajes","publisher":{"@id":"https:\/\/www.eljuglarcultural.com.pe\/web\/#organization"},"potentialAction":[{"@type":"SearchAction","target":{"@type":"EntryPoint","urlTemplate":"https:\/\/www.eljuglarcultural.com.pe\/web\/?s={search_term_string}"},"query-input":"required name=search_term_string"}],"inLanguage":"es"},{"@type":"WebPage","@id":"https:\/\/www.eljuglarcultural.com.pe\/web\/mision-y-vision\/#webpage","url":"https:\/\/www.eljuglarcultural.com.pe\/web\/mision-y-vision\/","name":"Misi\u00f3n y Visi\u00f3n &raquo; El Juglar Asociaci\u00f3n Cultural","isPartOf":{"@id":"https:\/\/www.eljuglarcultural.com.pe\/web\/#website"},"datePublished":"2020-09-15T09:14:28+00:00","dateModified":"2020-09-15T18:05:36+00:00","breadcrumb":{"@id":"https:\/\/www.eljuglarcultural.com.pe\/web\/mision-y-vision\/#breadcrumb"},"inLanguage":"es","potentialAction":[{"@type":"ReadAction","target":["https:\/\/www.eljuglarcultural.com.pe\/web\/mision-y-vision\/"]}]},{"@type":"BreadcrumbList","@id":"https:\/\/www.eljuglarcultural.com.pe\/web\/mision-y-vision\/#breadcrumb","itemListElement":[{"@type":"ListItem","position":1,"name":"Home","item":"https:\/\/www.eljuglarcultural.com.pe\/web\/"},{"@type":"ListItem","position":2,"name":"Misi\u00f3n y Visi\u00f3n"}]}]}},"_links":{"self":[{"href":"https:\/\/www.eljuglarcultural.com.pe\/web\/wp-json\/wp\/v2\/pages\/520"}],"collection":[{"href":"https:\/\/www.eljuglarcultural.com.pe\/web\/wp-json\/wp\/v2\/pages"}],"about":[{"href":"https:\/\/www.eljuglarcultural.com.pe\/web\/wp-json\/wp\/v2\/types\/page"}],"author":[{"embeddable":true,"href":"https:\/\/www.eljuglarcultural.com.pe\/web\/wp-json\/wp\/v2\/users\/1"}],"replies":[{"embeddable":true,"href":"https:\/\/www.eljuglarcultural.com.pe\/web\/wp-json\/wp\/v2\/comments?post=520"}],"version-history":[{"count":8,"href":"https:\/\/www.eljuglarcultural.com.pe\/web\/wp-json\/wp\/v2\/pages\/520\/revisions"}],"predecessor-version":[{"id":553,"href":"https:\/\/www.eljuglarcultural.com.pe\/web\/wp-json\/wp\/v2\/pages\/520\/revisions\/553"}],"wp:attachment":[{"href":"https:\/\/www.eljuglarcultural.com.pe\/web\/wp-json\/wp\/v2\/media?parent=520"}],"curies":[{"name":"wp","href":"https:\/\/api.w.org\/{rel}","templated":true}]}}