{"id":526,"date":"2020-09-15T09:32:59","date_gmt":"2020-09-15T09:32:59","guid":{"rendered":"http:\/\/test.somitech.net\/juglar\/?page_id=526"},"modified":"2020-12-08T04:02:51","modified_gmt":"2020-12-08T09:02:51","slug":"fundadores","status":"publish","type":"page","link":"https:\/\/www.eljuglarcultural.com.pe\/web\/fundadores\/","title":{"rendered":"Fundadores"},"content":{"rendered":"\t\t<div data-elementor-type=\"wp-page\" data-elementor-id=\"526\" class=\"elementor elementor-526\" data-elementor-settings=\"[]\">\n\t\t\t\t\t\t<div class=\"elementor-inner\">\n\t\t\t\t\t\t\t<div class=\"elementor-section-wrap\">\n\t\t\t\t\t\t\t<section class=\"elementor-section elementor-top-section elementor-element elementor-element-f0bf3e5 elementor-section-boxed elementor-section-height-default elementor-section-height-default\" data-id=\"f0bf3e5\" data-element_type=\"section\">\n\t\t\t\t\t\t<div class=\"elementor-container elementor-column-gap-default\">\n\t\t\t\t\t\t\t<div class=\"elementor-row\">\n\t\t\t\t\t<div class=\"elementor-column elementor-col-100 elementor-top-column elementor-element elementor-element-e8605eb\" data-id=\"e8605eb\" data-element_type=\"column\">\n\t\t\t<div class=\"elementor-column-wrap elementor-element-populated\">\n\t\t\t\t\t\t\t<div class=\"elementor-widget-wrap\">\n\t\t\t\t\t\t<div class=\"elementor-element elementor-element-6f2ce7d elementor-widget elementor-widget-spacer\" data-id=\"6f2ce7d\" data-element_type=\"widget\" data-widget_type=\"spacer.default\">\n\t\t\t\t<div class=\"elementor-widget-container\">\n\t\t\t\t\t<div class=\"elementor-spacer\">\n\t\t\t<div class=\"elementor-spacer-inner\"><\/div>\n\t\t<\/div>\n\t\t\t\t<\/div>\n\t\t\t\t<\/div>\n\t\t\t\t\t\t<\/div>\n\t\t\t\t\t<\/div>\n\t\t<\/div>\n\t\t\t\t\t\t\t\t<\/div>\n\t\t\t\t\t<\/div>\n\t\t<\/section>\n\t\t\t\t<section class=\"elementor-section elementor-top-section elementor-element elementor-element-58aec72 elementor-section-boxed elementor-section-height-default elementor-section-height-default\" data-id=\"58aec72\" data-element_type=\"section\">\n\t\t\t\t\t\t<div class=\"elementor-container elementor-column-gap-default\">\n\t\t\t\t\t\t\t<div class=\"elementor-row\">\n\t\t\t\t\t<div class=\"elementor-column elementor-col-100 elementor-top-column elementor-element elementor-element-fe77efd\" data-id=\"fe77efd\" data-element_type=\"column\">\n\t\t\t<div class=\"elementor-column-wrap elementor-element-populated\">\n\t\t\t\t\t\t\t<div class=\"elementor-widget-wrap\">\n\t\t\t\t\t\t<div class=\"elementor-element elementor-element-d186dce elementor-vertical-align-middle elementor-position-left elementor-invisible elementor-widget elementor-widget-image-box\" data-id=\"d186dce\" data-element_type=\"widget\" data-settings=\"{&quot;_animation&quot;:&quot;fadeIn&quot;}\" data-widget_type=\"image-box.default\">\n\t\t\t\t<div class=\"elementor-widget-container\">\n\t\t\t<div class=\"elementor-image-box-wrapper\"><figure class=\"elementor-image-box-img\"><img width=\"300\" height=\"300\" src=\"https:\/\/www.eljuglarcultural.com.pe\/web\/wp-content\/uploads\/2020\/09\/Miguel-Pastor_400-300x300.jpg\" class=\"elementor-animation-grow attachment-medium size-medium\" alt=\"\" loading=\"lazy\" srcset=\"https:\/\/www.eljuglarcultural.com.pe\/web\/wp-content\/uploads\/2020\/09\/Miguel-Pastor_400-300x300.jpg 300w, https:\/\/www.eljuglarcultural.com.pe\/web\/wp-content\/uploads\/2020\/09\/Miguel-Pastor_400-150x150.jpg 150w, https:\/\/www.eljuglarcultural.com.pe\/web\/wp-content\/uploads\/2020\/09\/Miguel-Pastor_400-100x100.jpg 100w, https:\/\/www.eljuglarcultural.com.pe\/web\/wp-content\/uploads\/2020\/09\/Miguel-Pastor_400.jpg 400w\" sizes=\"(max-width: 300px) 100vw, 300px\" \/><\/figure><div class=\"elementor-image-box-content\"><h3 class=\"elementor-image-box-title\">Miguel Pastor<\/h3><p class=\"elementor-image-box-description\">- Actor y Educador.<br>- Egresado del Teatro de la Pontificia Universidad Cat\u00f3lica (TUC).<br>- Especialista en Talleres de Libre Expresi\u00f3n con ni\u00f1os, j\u00f3venes y adultos.<br>- Director y Productor de Obras teatrales.<br>- Educador y Profesor de Artes Creativas en diferentes Instituciones Educativas.<br>- Especialista en los Programas del Diploma y de los A\u00f1os Intermedios de la Organizaci\u00f3n del Bachillerato Internacional.<br>- Entre las obras que ha dirigido tenemos: \u201cLos cachorros\u201d de Mario Vargas Llosa; \u201cDos viejas van por la calle\u201d de Sebasti\u00e1n Salazar Bondy; \u201cBodas de sangre\u201d de Federico Garc\u00eda Lorca; \u201cD\u00eda Domingo\u201d de Mario Vargas Llosa y las obras infantiles \u201cZorros a la vista\u201d y \u201cP\u00edkiti\u2026, P\u00edkiti\u2026, Paz\u2026., ven que te divertir\u00e1s\u201d ambas de su autor\u00eda.<br><\/p><\/div><\/div>\t\t<\/div>\n\t\t\t\t<\/div>\n\t\t\t\t\t\t<\/div>\n\t\t\t\t\t<\/div>\n\t\t<\/div>\n\t\t\t\t\t\t\t\t<\/div>\n\t\t\t\t\t<\/div>\n\t\t<\/section>\n\t\t\t\t<section class=\"elementor-section elementor-top-section elementor-element elementor-element-6e1e8b0 elementor-section-boxed elementor-section-height-default elementor-section-height-default\" data-id=\"6e1e8b0\" data-element_type=\"section\">\n\t\t\t\t\t\t<div class=\"elementor-container elementor-column-gap-default\">\n\t\t\t\t\t\t\t<div class=\"elementor-row\">\n\t\t\t\t\t<div class=\"elementor-column elementor-col-100 elementor-top-column elementor-element elementor-element-ca3a71f\" data-id=\"ca3a71f\" data-element_type=\"column\">\n\t\t\t<div class=\"elementor-column-wrap elementor-element-populated\">\n\t\t\t\t\t\t\t<div class=\"elementor-widget-wrap\">\n\t\t\t\t\t\t<div class=\"elementor-element elementor-element-e54ca03 elementor-widget elementor-widget-spacer\" data-id=\"e54ca03\" data-element_type=\"widget\" data-widget_type=\"spacer.default\">\n\t\t\t\t<div class=\"elementor-widget-container\">\n\t\t\t\t\t<div class=\"elementor-spacer\">\n\t\t\t<div class=\"elementor-spacer-inner\"><\/div>\n\t\t<\/div>\n\t\t\t\t<\/div>\n\t\t\t\t<\/div>\n\t\t\t\t\t\t<\/div>\n\t\t\t\t\t<\/div>\n\t\t<\/div>\n\t\t\t\t\t\t\t\t<\/div>\n\t\t\t\t\t<\/div>\n\t\t<\/section>\n\t\t\t\t<section class=\"elementor-section elementor-top-section elementor-element elementor-element-e664808 elementor-section-boxed elementor-section-height-default elementor-section-height-default\" data-id=\"e664808\" data-element_type=\"section\">\n\t\t\t\t\t\t<div class=\"elementor-container elementor-column-gap-default\">\n\t\t\t\t\t\t\t<div class=\"elementor-row\">\n\t\t\t\t\t<div class=\"elementor-column elementor-col-100 elementor-top-column elementor-element elementor-element-e0de48d\" data-id=\"e0de48d\" data-element_type=\"column\">\n\t\t\t<div class=\"elementor-column-wrap elementor-element-populated\">\n\t\t\t\t\t\t\t<div class=\"elementor-widget-wrap\">\n\t\t\t\t\t\t<div class=\"elementor-element elementor-element-4809b09 elementor-vertical-align-middle elementor-position-left elementor-invisible elementor-widget elementor-widget-image-box\" data-id=\"4809b09\" data-element_type=\"widget\" data-settings=\"{&quot;_animation&quot;:&quot;fadeIn&quot;}\" data-widget_type=\"image-box.default\">\n\t\t\t\t<div class=\"elementor-widget-container\">\n\t\t\t<div class=\"elementor-image-box-wrapper\"><figure class=\"elementor-image-box-img\"><img width=\"300\" height=\"300\" src=\"https:\/\/www.eljuglarcultural.com.pe\/web\/wp-content\/uploads\/2020\/09\/Carmen-Izurieta_400-300x300.jpg\" class=\"elementor-animation-grow attachment-medium size-medium\" alt=\"\" loading=\"lazy\" srcset=\"https:\/\/www.eljuglarcultural.com.pe\/web\/wp-content\/uploads\/2020\/09\/Carmen-Izurieta_400-300x300.jpg 300w, https:\/\/www.eljuglarcultural.com.pe\/web\/wp-content\/uploads\/2020\/09\/Carmen-Izurieta_400-150x150.jpg 150w, https:\/\/www.eljuglarcultural.com.pe\/web\/wp-content\/uploads\/2020\/09\/Carmen-Izurieta_400-100x100.jpg 100w, https:\/\/www.eljuglarcultural.com.pe\/web\/wp-content\/uploads\/2020\/09\/Carmen-Izurieta_400.jpg 400w\" sizes=\"(max-width: 300px) 100vw, 300px\" \/><\/figure><div class=\"elementor-image-box-content\"><h3 class=\"elementor-image-box-title\">Carmela Izurieta<\/h3><p class=\"elementor-image-box-description\">- Actriz y Educadora.<br>- Egresada del Teatro de la Pontificia Universidad Cat\u00f3lica (TUC).<br>- Especialista en talleres de libre expresi\u00f3n con ni\u00f1os, j\u00f3venes y adultos.<br>- Como Director Asistente ha participado en las obras: \u201cLos cachorros\u201d de Mario Vargas Llosa; \u201cDos viejas van por la calle\u201d de Sebasti\u00e1n Salazar Bondy\u201d y \u201cD\u00eda Domingo\u201d de Mario Vargas Llosa.<br>- C\u00f3mo Actriz ha participado en las obras: \u201cBodas de Sangre\u201d de Federico Garc\u00eda Lorca y en los montajes para ni\u00f1os: \u201cZorros a la vista\u201d y \u201cPikiti\u2026, Pikiti\u2026, Paz\u2026., ven que te divertir\u00e1s\u201d escrita por Miguel Pastor<\/p><\/div><\/div>\t\t<\/div>\n\t\t\t\t<\/div>\n\t\t\t\t\t\t<\/div>\n\t\t\t\t\t<\/div>\n\t\t<\/div>\n\t\t\t\t\t\t\t\t<\/div>\n\t\t\t\t\t<\/div>\n\t\t<\/section>\n\t\t\t\t<section class=\"elementor-section elementor-top-section elementor-element elementor-element-57eff3c elementor-section-boxed elementor-section-height-default elementor-section-height-default\" data-id=\"57eff3c\" data-element_type=\"section\">\n\t\t\t\t\t\t<div class=\"elementor-container elementor-column-gap-default\">\n\t\t\t\t\t\t\t<div class=\"elementor-row\">\n\t\t\t\t\t<div class=\"elementor-column elementor-col-100 elementor-top-column elementor-element elementor-element-6c74b1e\" data-id=\"6c74b1e\" data-element_type=\"column\">\n\t\t\t<div class=\"elementor-column-wrap elementor-element-populated\">\n\t\t\t\t\t\t\t<div class=\"elementor-widget-wrap\">\n\t\t\t\t\t\t<div class=\"elementor-element elementor-element-d21993d elementor-widget elementor-widget-spacer\" data-id=\"d21993d\" data-element_type=\"widget\" data-widget_type=\"spacer.default\">\n\t\t\t\t<div class=\"elementor-widget-container\">\n\t\t\t\t\t<div class=\"elementor-spacer\">\n\t\t\t<div class=\"elementor-spacer-inner\"><\/div>\n\t\t<\/div>\n\t\t\t\t<\/div>\n\t\t\t\t<\/div>\n\t\t\t\t\t\t<\/div>\n\t\t\t\t\t<\/div>\n\t\t<\/div>\n\t\t\t\t\t\t\t\t<\/div>\n\t\t\t\t\t<\/div>\n\t\t<\/section>\n\t\t\t\t<section class=\"elementor-section elementor-top-section elementor-element elementor-element-e41973d elementor-section-boxed elementor-section-height-default elementor-section-height-default\" data-id=\"e41973d\" data-element_type=\"section\">\n\t\t\t\t\t\t<div class=\"elementor-container elementor-column-gap-default\">\n\t\t\t\t\t\t\t<div class=\"elementor-row\">\n\t\t\t\t\t<div class=\"elementor-column elementor-col-100 elementor-top-column elementor-element elementor-element-dcb8259\" data-id=\"dcb8259\" data-element_type=\"column\">\n\t\t\t<div class=\"elementor-column-wrap elementor-element-populated\">\n\t\t\t\t\t\t\t<div class=\"elementor-widget-wrap\">\n\t\t\t\t\t\t<div class=\"elementor-element elementor-element-cc8bb5e elementor-position-left elementor-vertical-align-middle elementor-invisible elementor-widget elementor-widget-image-box\" data-id=\"cc8bb5e\" data-element_type=\"widget\" data-settings=\"{&quot;_animation&quot;:&quot;fadeIn&quot;}\" data-widget_type=\"image-box.default\">\n\t\t\t\t<div class=\"elementor-widget-container\">\n\t\t\t<div class=\"elementor-image-box-wrapper\"><figure class=\"elementor-image-box-img\"><img width=\"400\" height=\"400\" src=\"https:\/\/www.eljuglarcultural.com.pe\/web\/wp-content\/uploads\/2020\/09\/Juan-Carlos-Pastor_400.jpg\" class=\"elementor-animation-grow attachment-full size-full\" alt=\"\" loading=\"lazy\" srcset=\"https:\/\/www.eljuglarcultural.com.pe\/web\/wp-content\/uploads\/2020\/09\/Juan-Carlos-Pastor_400.jpg 400w, https:\/\/www.eljuglarcultural.com.pe\/web\/wp-content\/uploads\/2020\/09\/Juan-Carlos-Pastor_400-300x300.jpg 300w, https:\/\/www.eljuglarcultural.com.pe\/web\/wp-content\/uploads\/2020\/09\/Juan-Carlos-Pastor_400-150x150.jpg 150w, https:\/\/www.eljuglarcultural.com.pe\/web\/wp-content\/uploads\/2020\/09\/Juan-Carlos-Pastor_400-100x100.jpg 100w\" sizes=\"(max-width: 400px) 100vw, 400px\" \/><\/figure><div class=\"elementor-image-box-content\"><h3 class=\"elementor-image-box-title\">Juan Carlos Pastor<\/h3><p class=\"elementor-image-box-description\">- Actor y Docente<br>- Egresado del XI Taller de Formaci\u00f3n Actoral de Roberto \u00c1ngeles (2001).<br>- Ha cursado adem\u00e1s estudios teatrales con Edgar Saba, Alberto Isola y el norteamericano Benjam\u00edn Mathes.<br>- Entre las obras que ha participado est\u00e1n:  Hedda; M\u00e1s peque\u00f1os que el Guggenheim; Cal\u00edgula; San Bartolo; Piaf; La noche \u00e1rabe; Gol; El hombre del subsuelo; Hemingway; Eres tu peque\u00f1o?; La ciudad y los perros; Hamlet; Los Cachorros; Actos indecentes: Los tres juicios a Oscar Wilde; El Mercader de Venecia; Romeo y Julieta; entre otras.<br>- Tambi\u00e9n ha participado en series y telenovelas como: \u201cEn la piel de Alicia\u201d \u201cEl \u00faltimo basti\u00f3n\u201d \u201cLa Perricholi\u201d, \u201cClave Uno, m\u00e9dicos en alerta\u201d, \u201cUn amor Indomable\u201d, \u201cPer\u00fa Campe\u00f3n\u201d, \u201cEva del Ed\u00e9n\u201d, \u201cDemasiada Belleza\u201d, entre otras.<br>- Actualmente adem\u00e1s de ejercer la carrera de actuaci\u00f3n, es docente de teatro para ni\u00f1os, adolescentes y adultos en diversas instituciones.<\/p><\/div><\/div>\t\t<\/div>\n\t\t\t\t<\/div>\n\t\t\t\t\t\t<\/div>\n\t\t\t\t\t<\/div>\n\t\t<\/div>\n\t\t\t\t\t\t\t\t<\/div>\n\t\t\t\t\t<\/div>\n\t\t<\/section>\n\t\t\t\t\t\t<\/div>\n\t\t\t\t\t\t<\/div>\n\t\t\t\t\t<\/div>\n\t\t","protected":false},"excerpt":{"rendered":"<p>Miguel Pastor &#8211; Actor y Educador.&#8211; Egresado del Teatro de la Pontificia Universidad Cat\u00f3lica (TUC).&#8211; Especialista en Talleres de Libre Expresi\u00f3n con ni\u00f1os, j\u00f3venes y adultos.&#8211; Director y Productor de [&hellip;]<\/p>\n","protected":false},"author":1,"featured_media":0,"parent":0,"menu_order":0,"comment_status":"closed","ping_status":"closed","template":"","meta":{"_mi_skip_tracking":false,"_monsterinsights_sitenote_active":false,"_monsterinsights_sitenote_note":"","_monsterinsights_sitenote_category":0,"ocean_post_layout":"","ocean_both_sidebars_style":"","ocean_both_sidebars_content_width":0,"ocean_both_sidebars_sidebars_width":0,"ocean_sidebar":"0","ocean_second_sidebar":"0","ocean_disable_margins":"enable","ocean_add_body_class":"","ocean_shortcode_before_top_bar":"","ocean_shortcode_after_top_bar":"","ocean_shortcode_before_header":"","ocean_shortcode_after_header":"","ocean_has_shortcode":"","ocean_shortcode_after_title":"","ocean_shortcode_before_footer_widgets":"","ocean_shortcode_after_footer_widgets":"","ocean_shortcode_before_footer_bottom":"","ocean_shortcode_after_footer_bottom":"","ocean_display_top_bar":"default","ocean_display_header":"default","ocean_header_style":"","ocean_center_header_left_menu":"0","ocean_custom_header_template":"0","ocean_custom_logo":0,"ocean_custom_retina_logo":0,"ocean_custom_logo_max_width":0,"ocean_custom_logo_tablet_max_width":0,"ocean_custom_logo_mobile_max_width":0,"ocean_custom_logo_max_height":0,"ocean_custom_logo_tablet_max_height":0,"ocean_custom_logo_mobile_max_height":0,"ocean_header_custom_menu":"0","ocean_menu_typo_font_family":"0","ocean_menu_typo_font_subset":"","ocean_menu_typo_font_size":0,"ocean_menu_typo_font_size_tablet":0,"ocean_menu_typo_font_size_mobile":0,"ocean_menu_typo_font_size_unit":"px","ocean_menu_typo_font_weight":"","ocean_menu_typo_font_weight_tablet":"","ocean_menu_typo_font_weight_mobile":"","ocean_menu_typo_transform":"","ocean_menu_typo_transform_tablet":"","ocean_menu_typo_transform_mobile":"","ocean_menu_typo_line_height":0,"ocean_menu_typo_line_height_tablet":0,"ocean_menu_typo_line_height_mobile":0,"ocean_menu_typo_line_height_unit":"","ocean_menu_typo_spacing":0,"ocean_menu_typo_spacing_tablet":0,"ocean_menu_typo_spacing_mobile":0,"ocean_menu_typo_spacing_unit":"","ocean_menu_link_color":"","ocean_menu_link_color_hover":"","ocean_menu_link_color_active":"","ocean_menu_link_background":"","ocean_menu_link_hover_background":"","ocean_menu_link_active_background":"","ocean_menu_social_links_bg":"","ocean_menu_social_hover_links_bg":"","ocean_menu_social_links_color":"","ocean_menu_social_hover_links_color":"","ocean_disable_title":"default","ocean_disable_heading":"default","ocean_post_title":"","ocean_post_subheading":"","ocean_post_title_style":"","ocean_post_title_background_color":"","ocean_post_title_background":0,"ocean_post_title_bg_image_position":"","ocean_post_title_bg_image_attachment":"","ocean_post_title_bg_image_repeat":"","ocean_post_title_bg_image_size":"","ocean_post_title_height":0,"ocean_post_title_bg_overlay":0.5,"ocean_post_title_bg_overlay_color":"","ocean_disable_breadcrumbs":"default","ocean_breadcrumbs_color":"","ocean_breadcrumbs_separator_color":"","ocean_breadcrumbs_links_color":"","ocean_breadcrumbs_links_hover_color":"","ocean_display_footer_widgets":"default","ocean_display_footer_bottom":"default","ocean_custom_footer_template":"0"},"yoast_head":"<!-- This site is optimized with the Yoast SEO plugin v17.1 - https:\/\/yoast.com\/wordpress\/plugins\/seo\/ -->\n<title>Fundadores &raquo; El Juglar Asociaci\u00f3n Cultural<\/title>\n<meta name=\"robots\" content=\"index, follow, max-snippet:-1, max-image-preview:large, max-video-preview:-1\" \/>\n<link rel=\"canonical\" href=\"https:\/\/www.eljuglarcultural.com.pe\/web\/fundadores\/\" \/>\n<meta property=\"og:locale\" content=\"es_ES\" \/>\n<meta property=\"og:type\" content=\"article\" \/>\n<meta property=\"og:title\" content=\"Fundadores &raquo; El Juglar Asociaci\u00f3n Cultural\" \/>\n<meta property=\"og:description\" content=\"Miguel Pastor &#8211; Actor y Educador.&#8211; Egresado del Teatro de la Pontificia Universidad Cat\u00f3lica (TUC).&#8211; Especialista en Talleres de Libre Expresi\u00f3n con ni\u00f1os, j\u00f3venes y adultos.&#8211; Director y Productor de [&hellip;]\" \/>\n<meta property=\"og:url\" content=\"https:\/\/www.eljuglarcultural.com.pe\/web\/fundadores\/\" \/>\n<meta property=\"og:site_name\" content=\"El Juglar Asociaci\u00f3n Cultural\" \/>\n<meta property=\"article:publisher\" content=\"https:\/\/www.facebook.com\/ElJuglarAsociacionCultural\/\" \/>\n<meta property=\"article:modified_time\" content=\"2020-12-08T09:02:51+00:00\" \/>\n<meta property=\"og:image\" content=\"http:\/\/test.somitech.net\/juglar\/wp-content\/uploads\/2020\/09\/Miguel-Pastor_400-300x300.jpg\" \/>\n<meta name=\"twitter:card\" content=\"summary_large_image\" \/>\n<meta name=\"twitter:label1\" content=\"Tiempo de lectura\" \/>\n\t<meta name=\"twitter:data1\" content=\"2 minutos\" \/>\n<script type=\"application\/ld+json\" class=\"yoast-schema-graph\">{\"@context\":\"https:\/\/schema.org\",\"@graph\":[{\"@type\":\"Organization\",\"@id\":\"https:\/\/www.eljuglarcultural.com.pe\/web\/#organization\",\"name\":\"El Juglar Asociaci\\u00f3n Cultural\",\"url\":\"https:\/\/www.eljuglarcultural.com.pe\/web\/\",\"sameAs\":[\"https:\/\/www.facebook.com\/ElJuglarAsociacionCultural\/\",\"https:\/\/www.instagram.com\/eljuglarcultural\/\"],\"logo\":{\"@type\":\"ImageObject\",\"@id\":\"https:\/\/www.eljuglarcultural.com.pe\/web\/#logo\",\"inLanguage\":\"es\",\"url\":\"https:\/\/www.eljuglarcultural.com.pe\/web\/wp-content\/uploads\/2020\/11\/LogoEGAC_1.png\",\"contentUrl\":\"https:\/\/www.eljuglarcultural.com.pe\/web\/wp-content\/uploads\/2020\/11\/LogoEGAC_1.png\",\"width\":1372,\"height\":568,\"caption\":\"El Juglar Asociaci\\u00f3n Cultural\"},\"image\":{\"@id\":\"https:\/\/www.eljuglarcultural.com.pe\/web\/#logo\"}},{\"@type\":\"WebSite\",\"@id\":\"https:\/\/www.eljuglarcultural.com.pe\/web\/#website\",\"url\":\"https:\/\/www.eljuglarcultural.com.pe\/web\/\",\"name\":\"El Juglar Asociaci\\u00f3n Cultural\",\"description\":\"Juglar Asociaci\\u00f3n Cultural Teatro Talleres Juglareando Montajes\",\"publisher\":{\"@id\":\"https:\/\/www.eljuglarcultural.com.pe\/web\/#organization\"},\"potentialAction\":[{\"@type\":\"SearchAction\",\"target\":{\"@type\":\"EntryPoint\",\"urlTemplate\":\"https:\/\/www.eljuglarcultural.com.pe\/web\/?s={search_term_string}\"},\"query-input\":\"required name=search_term_string\"}],\"inLanguage\":\"es\"},{\"@type\":\"ImageObject\",\"@id\":\"https:\/\/www.eljuglarcultural.com.pe\/web\/fundadores\/#primaryimage\",\"inLanguage\":\"es\",\"url\":\"https:\/\/www.eljuglarcultural.com.pe\/web\/wp-content\/uploads\/2020\/09\/Miguel-Pastor_400.jpg\",\"contentUrl\":\"https:\/\/www.eljuglarcultural.com.pe\/web\/wp-content\/uploads\/2020\/09\/Miguel-Pastor_400.jpg\",\"width\":400,\"height\":400},{\"@type\":\"WebPage\",\"@id\":\"https:\/\/www.eljuglarcultural.com.pe\/web\/fundadores\/#webpage\",\"url\":\"https:\/\/www.eljuglarcultural.com.pe\/web\/fundadores\/\",\"name\":\"Fundadores &raquo; El Juglar Asociaci\\u00f3n Cultural\",\"isPartOf\":{\"@id\":\"https:\/\/www.eljuglarcultural.com.pe\/web\/#website\"},\"primaryImageOfPage\":{\"@id\":\"https:\/\/www.eljuglarcultural.com.pe\/web\/fundadores\/#primaryimage\"},\"datePublished\":\"2020-09-15T09:32:59+00:00\",\"dateModified\":\"2020-12-08T09:02:51+00:00\",\"breadcrumb\":{\"@id\":\"https:\/\/www.eljuglarcultural.com.pe\/web\/fundadores\/#breadcrumb\"},\"inLanguage\":\"es\",\"potentialAction\":[{\"@type\":\"ReadAction\",\"target\":[\"https:\/\/www.eljuglarcultural.com.pe\/web\/fundadores\/\"]}]},{\"@type\":\"BreadcrumbList\",\"@id\":\"https:\/\/www.eljuglarcultural.com.pe\/web\/fundadores\/#breadcrumb\",\"itemListElement\":[{\"@type\":\"ListItem\",\"position\":1,\"name\":\"Home\",\"item\":\"https:\/\/www.eljuglarcultural.com.pe\/web\/\"},{\"@type\":\"ListItem\",\"position\":2,\"name\":\"Fundadores\"}]}]}<\/script>\n<!-- \/ Yoast SEO plugin. -->","yoast_head_json":{"title":"Fundadores &raquo; El Juglar Asociaci\u00f3n Cultural","robots":{"index":"index","follow":"follow","max-snippet":"max-snippet:-1","max-image-preview":"max-image-preview:large","max-video-preview":"max-video-preview:-1"},"canonical":"https:\/\/www.eljuglarcultural.com.pe\/web\/fundadores\/","og_locale":"es_ES","og_type":"article","og_title":"Fundadores &raquo; El Juglar Asociaci\u00f3n Cultural","og_description":"Miguel Pastor &#8211; Actor y Educador.&#8211; Egresado del Teatro de la Pontificia Universidad Cat\u00f3lica (TUC).&#8211; Especialista en Talleres de Libre Expresi\u00f3n con ni\u00f1os, j\u00f3venes y adultos.&#8211; Director y Productor de [&hellip;]","og_url":"https:\/\/www.eljuglarcultural.com.pe\/web\/fundadores\/","og_site_name":"El Juglar Asociaci\u00f3n Cultural","article_publisher":"https:\/\/www.facebook.com\/ElJuglarAsociacionCultural\/","article_modified_time":"2020-12-08T09:02:51+00:00","og_image":[{"url":"http:\/\/test.somitech.net\/juglar\/wp-content\/uploads\/2020\/09\/Miguel-Pastor_400-300x300.jpg"}],"twitter_card":"summary_large_image","twitter_misc":{"Tiempo de lectura":"2 minutos"},"schema":{"@context":"https:\/\/schema.org","@graph":[{"@type":"Organization","@id":"https:\/\/www.eljuglarcultural.com.pe\/web\/#organization","name":"El Juglar Asociaci\u00f3n Cultural","url":"https:\/\/www.eljuglarcultural.com.pe\/web\/","sameAs":["https:\/\/www.facebook.com\/ElJuglarAsociacionCultural\/","https:\/\/www.instagram.com\/eljuglarcultural\/"],"logo":{"@type":"ImageObject","@id":"https:\/\/www.eljuglarcultural.com.pe\/web\/#logo","inLanguage":"es","url":"https:\/\/www.eljuglarcultural.com.pe\/web\/wp-content\/uploads\/2020\/11\/LogoEGAC_1.png","contentUrl":"https:\/\/www.eljuglarcultural.com.pe\/web\/wp-content\/uploads\/2020\/11\/LogoEGAC_1.png","width":1372,"height":568,"caption":"El Juglar Asociaci\u00f3n Cultural"},"image":{"@id":"https:\/\/www.eljuglarcultural.com.pe\/web\/#logo"}},{"@type":"WebSite","@id":"https:\/\/www.eljuglarcultural.com.pe\/web\/#website","url":"https:\/\/www.eljuglarcultural.com.pe\/web\/","name":"El Juglar Asociaci\u00f3n Cultural","description":"Juglar Asociaci\u00f3n Cultural Teatro Talleres Juglareando Montajes","publisher":{"@id":"https:\/\/www.eljuglarcultural.com.pe\/web\/#organization"},"potentialAction":[{"@type":"SearchAction","target":{"@type":"EntryPoint","urlTemplate":"https:\/\/www.eljuglarcultural.com.pe\/web\/?s={search_term_string}"},"query-input":"required name=search_term_string"}],"inLanguage":"es"},{"@type":"ImageObject","@id":"https:\/\/www.eljuglarcultural.com.pe\/web\/fundadores\/#primaryimage","inLanguage":"es","url":"https:\/\/www.eljuglarcultural.com.pe\/web\/wp-content\/uploads\/2020\/09\/Miguel-Pastor_400.jpg","contentUrl":"https:\/\/www.eljuglarcultural.com.pe\/web\/wp-content\/uploads\/2020\/09\/Miguel-Pastor_400.jpg","width":400,"height":400},{"@type":"WebPage","@id":"https:\/\/www.eljuglarcultural.com.pe\/web\/fundadores\/#webpage","url":"https:\/\/www.eljuglarcultural.com.pe\/web\/fundadores\/","name":"Fundadores &raquo; El Juglar Asociaci\u00f3n Cultural","isPartOf":{"@id":"https:\/\/www.eljuglarcultural.com.pe\/web\/#website"},"primaryImageOfPage":{"@id":"https:\/\/www.eljuglarcultural.com.pe\/web\/fundadores\/#primaryimage"},"datePublished":"2020-09-15T09:32:59+00:00","dateModified":"2020-12-08T09:02:51+00:00","breadcrumb":{"@id":"https:\/\/www.eljuglarcultural.com.pe\/web\/fundadores\/#breadcrumb"},"inLanguage":"es","potentialAction":[{"@type":"ReadAction","target":["https:\/\/www.eljuglarcultural.com.pe\/web\/fundadores\/"]}]},{"@type":"BreadcrumbList","@id":"https:\/\/www.eljuglarcultural.com.pe\/web\/fundadores\/#breadcrumb","itemListElement":[{"@type":"ListItem","position":1,"name":"Home","item":"https:\/\/www.eljuglarcultural.com.pe\/web\/"},{"@type":"ListItem","position":2,"name":"Fundadores"}]}]}},"_links":{"self":[{"href":"https:\/\/www.eljuglarcultural.com.pe\/web\/wp-json\/wp\/v2\/pages\/526"}],"collection":[{"href":"https:\/\/www.eljuglarcultural.com.pe\/web\/wp-json\/wp\/v2\/pages"}],"about":[{"href":"https:\/\/www.eljuglarcultural.com.pe\/web\/wp-json\/wp\/v2\/types\/page"}],"author":[{"embeddable":true,"href":"https:\/\/www.eljuglarcultural.com.pe\/web\/wp-json\/wp\/v2\/users\/1"}],"replies":[{"embeddable":true,"href":"https:\/\/www.eljuglarcultural.com.pe\/web\/wp-json\/wp\/v2\/comments?post=526"}],"version-history":[{"count":23,"href":"https:\/\/www.eljuglarcultural.com.pe\/web\/wp-json\/wp\/v2\/pages\/526\/revisions"}],"predecessor-version":[{"id":1301,"href":"https:\/\/www.eljuglarcultural.com.pe\/web\/wp-json\/wp\/v2\/pages\/526\/revisions\/1301"}],"wp:attachment":[{"href":"https:\/\/www.eljuglarcultural.com.pe\/web\/wp-json\/wp\/v2\/media?parent=526"}],"curies":[{"name":"wp","href":"https:\/\/api.w.org\/{rel}","templated":true}]}}