{"id":723,"date":"2020-09-30T06:24:30","date_gmt":"2020-09-30T11:24:30","guid":{"rendered":"http:\/\/test.somitech.net\/juglar\/?page_id=723"},"modified":"2020-12-08T18:01:01","modified_gmt":"2020-12-08T23:01:01","slug":"por-que-el-nombre-de-el-juglar","status":"publish","type":"page","link":"https:\/\/www.eljuglarcultural.com.pe\/web\/por-que-el-nombre-de-el-juglar\/","title":{"rendered":"\u00bfPor qu\u00e9 el nombre de \u201cEl Juglar, Asociaci\u00f3n Cultural\u201d?"},"content":{"rendered":"\t\t<div data-elementor-type=\"wp-page\" data-elementor-id=\"723\" class=\"elementor elementor-723\" data-elementor-settings=\"[]\">\n\t\t\t\t\t\t<div class=\"elementor-inner\">\n\t\t\t\t\t\t\t<div class=\"elementor-section-wrap\">\n\t\t\t\t\t\t\t<section class=\"elementor-section elementor-top-section elementor-element elementor-element-b521f94 elementor-section-boxed elementor-section-height-default elementor-section-height-default\" data-id=\"b521f94\" data-element_type=\"section\">\n\t\t\t\t\t\t<div class=\"elementor-container elementor-column-gap-default\">\n\t\t\t\t\t\t\t<div class=\"elementor-row\">\n\t\t\t\t\t<div class=\"elementor-column elementor-col-100 elementor-top-column elementor-element elementor-element-c62eb4f\" data-id=\"c62eb4f\" data-element_type=\"column\">\n\t\t\t<div class=\"elementor-column-wrap elementor-element-populated\">\n\t\t\t\t\t\t\t<div class=\"elementor-widget-wrap\">\n\t\t\t\t\t\t<div class=\"elementor-element elementor-element-b16c4c6 elementor-widget elementor-widget-spacer\" data-id=\"b16c4c6\" data-element_type=\"widget\" data-widget_type=\"spacer.default\">\n\t\t\t\t<div class=\"elementor-widget-container\">\n\t\t\t\t\t<div class=\"elementor-spacer\">\n\t\t\t<div class=\"elementor-spacer-inner\"><\/div>\n\t\t<\/div>\n\t\t\t\t<\/div>\n\t\t\t\t<\/div>\n\t\t\t\t\t\t<\/div>\n\t\t\t\t\t<\/div>\n\t\t<\/div>\n\t\t\t\t\t\t\t\t<\/div>\n\t\t\t\t\t<\/div>\n\t\t<\/section>\n\t\t\t\t<section class=\"elementor-section elementor-top-section elementor-element elementor-element-cdfc0e7 elementor-section-boxed elementor-section-height-default elementor-section-height-default\" data-id=\"cdfc0e7\" data-element_type=\"section\">\n\t\t\t\t\t\t<div class=\"elementor-container elementor-column-gap-default\">\n\t\t\t\t\t\t\t<div class=\"elementor-row\">\n\t\t\t\t\t<div class=\"elementor-column elementor-col-100 elementor-top-column elementor-element elementor-element-2f93ec8\" data-id=\"2f93ec8\" data-element_type=\"column\">\n\t\t\t<div class=\"elementor-column-wrap elementor-element-populated\">\n\t\t\t\t\t\t\t<div class=\"elementor-widget-wrap\">\n\t\t\t\t\t\t<div class=\"elementor-element elementor-element-d4e33f3 elementor-widget elementor-widget-spacer\" data-id=\"d4e33f3\" data-element_type=\"widget\" data-widget_type=\"spacer.default\">\n\t\t\t\t<div class=\"elementor-widget-container\">\n\t\t\t\t\t<div class=\"elementor-spacer\">\n\t\t\t<div class=\"elementor-spacer-inner\"><\/div>\n\t\t<\/div>\n\t\t\t\t<\/div>\n\t\t\t\t<\/div>\n\t\t\t\t\t\t<\/div>\n\t\t\t\t\t<\/div>\n\t\t<\/div>\n\t\t\t\t\t\t\t\t<\/div>\n\t\t\t\t\t<\/div>\n\t\t<\/section>\n\t\t\t\t<section class=\"elementor-section elementor-top-section elementor-element elementor-element-65cf58b elementor-hidden-desktop elementor-hidden-tablet elementor-hidden-phone elementor-section-boxed elementor-section-height-default elementor-section-height-default\" data-id=\"65cf58b\" data-element_type=\"section\">\n\t\t\t\t\t\t<div class=\"elementor-container elementor-column-gap-default\">\n\t\t\t\t\t\t\t<div class=\"elementor-row\">\n\t\t\t\t\t<div class=\"elementor-column elementor-col-100 elementor-top-column elementor-element elementor-element-1a183e7\" data-id=\"1a183e7\" data-element_type=\"column\">\n\t\t\t<div class=\"elementor-column-wrap elementor-element-populated\">\n\t\t\t\t\t\t\t<div class=\"elementor-widget-wrap\">\n\t\t\t\t\t\t<div class=\"elementor-element elementor-element-22d95b1 elementor-widget elementor-widget-heading\" data-id=\"22d95b1\" data-element_type=\"widget\" data-widget_type=\"heading.default\">\n\t\t\t\t<div class=\"elementor-widget-container\">\n\t\t\t<h1 class=\"elementor-heading-title elementor-size-default\">\u00bfPor qu\u00e9 el nombre de \u201cEl Juglar, Asociaci\u00f3n Cultural\u201d?<\/h1>\t\t<\/div>\n\t\t\t\t<\/div>\n\t\t\t\t\t\t<\/div>\n\t\t\t\t\t<\/div>\n\t\t<\/div>\n\t\t\t\t\t\t\t\t<\/div>\n\t\t\t\t\t<\/div>\n\t\t<\/section>\n\t\t\t\t<section class=\"elementor-section elementor-top-section elementor-element elementor-element-28bc39f elementor-section-boxed elementor-section-height-default elementor-section-height-default\" data-id=\"28bc39f\" data-element_type=\"section\">\n\t\t\t\t\t\t<div class=\"elementor-container elementor-column-gap-default\">\n\t\t\t\t\t\t\t<div class=\"elementor-row\">\n\t\t\t\t\t<div class=\"elementor-column elementor-col-66 elementor-top-column elementor-element elementor-element-bd19104\" data-id=\"bd19104\" data-element_type=\"column\">\n\t\t\t<div class=\"elementor-column-wrap elementor-element-populated\">\n\t\t\t\t\t\t\t<div class=\"elementor-widget-wrap\">\n\t\t\t\t\t\t<div class=\"elementor-element elementor-element-3e58ca9 elementor-widget elementor-widget-text-editor\" data-id=\"3e58ca9\" data-element_type=\"widget\" data-widget_type=\"text-editor.default\">\n\t\t\t\t<div class=\"elementor-widget-container\">\n\t\t\t\t\t\t\t\t<div class=\"elementor-text-editor elementor-clearfix\">\n\t\t\t\t\t<p>Los juglares, mitad poetas, mitad actores- cantantes, eran personajes itinerantes de la Edad Media, que viajaban de pueblo en pueblo, sin un lugar de residencia fijo. No s\u00f3lo tocaban instrumentos y cantaban canciones, sino que adem\u00e1s realizaban todo tipo de actividades para divertir al pueblo.<\/p><p>Sab\u00edan contar historias, danzar, tocar instrumentos, recitar y realizar ejercicios acrob\u00e1ticos y circenses. Su misi\u00f3n era entretener a la gente.<\/p><p>Actuaban en las plazas de los pueblos y ciudades, en los atrios de las iglesias, en los castillos, o en las romer\u00edas a cambio de un pago por sus servicios.<\/p><p>El significado de El Juglar fue algo que nos inspir\u00f3 para escoger el nombre de nuestra Asociaci\u00f3n y emular tambi\u00e9n la tarea de llevar entretenimiento a diferentes lugares donde hay personas que no tienen acceso a ver obras de teatro asistiendo a una sala teatral.<\/p><p>Es as\u00ed que hemos llevado nuestras obras a otros espacios como colegios y universidades y hemos tenido la satisfacci\u00f3n de haber llevado la obra Los cachorros de Mario Vargas Llosa, a los conos de Lima y presentarnos en los Colegio de Fe y Alegr\u00eda. Entre los conos que visitamos est\u00e1n San Juan de Lurigancho, San Juan de Miraflores, Villa Mar\u00eda del Triunfo, Comas, Villa El Salvador, y el Agustino, y adem\u00e1s, con esta misma obra, hemos recorrido 13 provincias del Per\u00fa. Esto lo logramos gracias al apoyo de una Instituci\u00f3n privada.<\/p>\t\t\t\t\t<\/div>\n\t\t\t\t\t\t<\/div>\n\t\t\t\t<\/div>\n\t\t\t\t\t\t<\/div>\n\t\t\t\t\t<\/div>\n\t\t<\/div>\n\t\t\t\t<div class=\"elementor-column elementor-col-33 elementor-top-column elementor-element elementor-element-9650285\" data-id=\"9650285\" data-element_type=\"column\">\n\t\t\t<div class=\"elementor-column-wrap elementor-element-populated\">\n\t\t\t\t\t\t\t<div class=\"elementor-widget-wrap\">\n\t\t\t\t\t\t<div class=\"elementor-element elementor-element-88c606d elementor-widget elementor-widget-image\" data-id=\"88c606d\" data-element_type=\"widget\" data-widget_type=\"image.default\">\n\t\t\t\t<div class=\"elementor-widget-container\">\n\t\t\t\t\t\t\t\t<div class=\"elementor-image\">\n\t\t\t\t\t\t\t\t\t\t\t\t<img width=\"500\" height=\"671\" src=\"https:\/\/www.eljuglarcultural.com.pe\/web\/wp-content\/uploads\/2020\/11\/Juglar02.jpg\" class=\"attachment-large size-large\" alt=\"\" loading=\"lazy\" srcset=\"https:\/\/www.eljuglarcultural.com.pe\/web\/wp-content\/uploads\/2020\/11\/Juglar02.jpg 500w, https:\/\/www.eljuglarcultural.com.pe\/web\/wp-content\/uploads\/2020\/11\/Juglar02-224x300.jpg 224w\" sizes=\"(max-width: 500px) 100vw, 500px\" \/>\t\t\t\t\t\t\t\t\t\t\t\t\t\t<\/div>\n\t\t\t\t\t\t<\/div>\n\t\t\t\t<\/div>\n\t\t\t\t\t\t<\/div>\n\t\t\t\t\t<\/div>\n\t\t<\/div>\n\t\t\t\t\t\t\t\t<\/div>\n\t\t\t\t\t<\/div>\n\t\t<\/section>\n\t\t\t\t<section class=\"elementor-section elementor-top-section elementor-element elementor-element-d5ccc36 elementor-section-boxed elementor-section-height-default elementor-section-height-default\" data-id=\"d5ccc36\" data-element_type=\"section\">\n\t\t\t\t\t\t<div class=\"elementor-container elementor-column-gap-default\">\n\t\t\t\t\t\t\t<div class=\"elementor-row\">\n\t\t\t\t\t<div class=\"elementor-column elementor-col-50 elementor-top-column elementor-element elementor-element-c612579\" data-id=\"c612579\" data-element_type=\"column\">\n\t\t\t<div class=\"elementor-column-wrap elementor-element-populated\">\n\t\t\t\t\t\t\t<div class=\"elementor-widget-wrap\">\n\t\t\t\t\t\t<div class=\"elementor-element elementor-element-a621137 animated-slow elementor-invisible elementor-widget elementor-widget-image\" data-id=\"a621137\" data-element_type=\"widget\" data-settings=\"{&quot;_animation&quot;:&quot;fadeIn&quot;}\" data-widget_type=\"image.default\">\n\t\t\t\t<div class=\"elementor-widget-container\">\n\t\t\t\t\t\t\t\t<div class=\"elementor-image\">\n\t\t\t\t\t\t\t\t\t<figure class=\"wp-caption\">\n\t\t\t\t\t\t\t\t\t\t\t<a href=\"http:\/\/test.somitech.net\/juglar\/wp-content\/uploads\/2020\/09\/Por-que-el-nombre-El-Juglar_2.jpg\" data-elementor-open-lightbox=\"yes\" data-elementor-lightbox-title=\"Por que el nombre El Juglar_2\">\n\t\t\t\t\t\t\t<img width=\"900\" height=\"600\" src=\"https:\/\/www.eljuglarcultural.com.pe\/web\/wp-content\/uploads\/2020\/09\/Por-que-el-nombre-El-Juglar_2.jpg\" class=\"attachment-large size-large\" alt=\"\" loading=\"lazy\" srcset=\"https:\/\/www.eljuglarcultural.com.pe\/web\/wp-content\/uploads\/2020\/09\/Por-que-el-nombre-El-Juglar_2.jpg 900w, https:\/\/www.eljuglarcultural.com.pe\/web\/wp-content\/uploads\/2020\/09\/Por-que-el-nombre-El-Juglar_2-300x200.jpg 300w, https:\/\/www.eljuglarcultural.com.pe\/web\/wp-content\/uploads\/2020\/09\/Por-que-el-nombre-El-Juglar_2-768x512.jpg 768w, https:\/\/www.eljuglarcultural.com.pe\/web\/wp-content\/uploads\/2020\/09\/Por-que-el-nombre-El-Juglar_2-600x400.jpg 600w\" sizes=\"(max-width: 900px) 100vw, 900px\" \/>\t\t\t\t\t\t\t\t<\/a>\n\t\t\t\t\t\t\t\t\t\t\t<figcaption class=\"widget-image-caption wp-caption-text\">Funci\u00f3n en colegio Fe y Alegr\u00eda<\/figcaption>\n\t\t\t\t\t\t\t\t\t\t<\/figure>\n\t\t\t\t\t\t\t\t<\/div>\n\t\t\t\t\t\t<\/div>\n\t\t\t\t<\/div>\n\t\t\t\t\t\t<\/div>\n\t\t\t\t\t<\/div>\n\t\t<\/div>\n\t\t\t\t<div class=\"elementor-column elementor-col-50 elementor-top-column elementor-element elementor-element-3b88d05\" data-id=\"3b88d05\" data-element_type=\"column\">\n\t\t\t<div class=\"elementor-column-wrap elementor-element-populated\">\n\t\t\t\t\t\t\t<div class=\"elementor-widget-wrap\">\n\t\t\t\t\t\t<div class=\"elementor-element elementor-element-ea86647 animated-slow elementor-invisible elementor-widget elementor-widget-image\" data-id=\"ea86647\" data-element_type=\"widget\" data-settings=\"{&quot;_animation&quot;:&quot;fadeIn&quot;}\" data-widget_type=\"image.default\">\n\t\t\t\t<div class=\"elementor-widget-container\">\n\t\t\t\t\t\t\t\t<div class=\"elementor-image\">\n\t\t\t\t\t\t\t\t\t<figure class=\"wp-caption\">\n\t\t\t\t\t\t\t\t\t\t\t<a href=\"http:\/\/test.somitech.net\/juglar\/wp-content\/uploads\/2020\/09\/Por-que-el-nombre-El-Juglar_1.jpg\" data-elementor-open-lightbox=\"yes\" data-elementor-lightbox-title=\"Por que el nombre El Juglar_1\">\n\t\t\t\t\t\t\t<img width=\"900\" height=\"600\" src=\"https:\/\/www.eljuglarcultural.com.pe\/web\/wp-content\/uploads\/2020\/09\/Por-que-el-nombre-El-Juglar_1.jpg\" class=\"attachment-large size-large\" alt=\"\" loading=\"lazy\" srcset=\"https:\/\/www.eljuglarcultural.com.pe\/web\/wp-content\/uploads\/2020\/09\/Por-que-el-nombre-El-Juglar_1.jpg 900w, https:\/\/www.eljuglarcultural.com.pe\/web\/wp-content\/uploads\/2020\/09\/Por-que-el-nombre-El-Juglar_1-300x200.jpg 300w, https:\/\/www.eljuglarcultural.com.pe\/web\/wp-content\/uploads\/2020\/09\/Por-que-el-nombre-El-Juglar_1-768x512.jpg 768w, https:\/\/www.eljuglarcultural.com.pe\/web\/wp-content\/uploads\/2020\/09\/Por-que-el-nombre-El-Juglar_1-600x400.jpg 600w\" sizes=\"(max-width: 900px) 100vw, 900px\" \/>\t\t\t\t\t\t\t\t<\/a>\n\t\t\t\t\t\t\t\t\t\t\t<figcaption class=\"widget-image-caption wp-caption-text\">Conversando con los alumnos<\/figcaption>\n\t\t\t\t\t\t\t\t\t\t<\/figure>\n\t\t\t\t\t\t\t\t<\/div>\n\t\t\t\t\t\t<\/div>\n\t\t\t\t<\/div>\n\t\t\t\t\t\t<\/div>\n\t\t\t\t\t<\/div>\n\t\t<\/div>\n\t\t\t\t\t\t\t\t<\/div>\n\t\t\t\t\t<\/div>\n\t\t<\/section>\n\t\t\t\t<section class=\"elementor-section elementor-top-section elementor-element elementor-element-1290677 elementor-section-boxed elementor-section-height-default elementor-section-height-default\" data-id=\"1290677\" data-element_type=\"section\">\n\t\t\t\t\t\t<div class=\"elementor-container elementor-column-gap-default\">\n\t\t\t\t\t\t\t<div class=\"elementor-row\">\n\t\t\t\t\t<div class=\"elementor-column elementor-col-100 elementor-top-column elementor-element elementor-element-f429fc4\" data-id=\"f429fc4\" data-element_type=\"column\">\n\t\t\t<div class=\"elementor-column-wrap elementor-element-populated\">\n\t\t\t\t\t\t\t<div class=\"elementor-widget-wrap\">\n\t\t\t\t\t\t<div class=\"elementor-element elementor-element-66eba90 elementor-widget elementor-widget-spacer\" data-id=\"66eba90\" data-element_type=\"widget\" data-widget_type=\"spacer.default\">\n\t\t\t\t<div class=\"elementor-widget-container\">\n\t\t\t\t\t<div class=\"elementor-spacer\">\n\t\t\t<div class=\"elementor-spacer-inner\"><\/div>\n\t\t<\/div>\n\t\t\t\t<\/div>\n\t\t\t\t<\/div>\n\t\t\t\t\t\t<\/div>\n\t\t\t\t\t<\/div>\n\t\t<\/div>\n\t\t\t\t\t\t\t\t<\/div>\n\t\t\t\t\t<\/div>\n\t\t<\/section>\n\t\t\t\t\t\t<\/div>\n\t\t\t\t\t\t<\/div>\n\t\t\t\t\t<\/div>\n\t\t","protected":false},"excerpt":{"rendered":"<p>\u00bfPor qu\u00e9 el nombre de \u201cEl Juglar, Asociaci\u00f3n Cultural\u201d? Los juglares, mitad poetas, mitad actores- cantantes, eran personajes itinerantes de la Edad Media, que viajaban de pueblo en pueblo, sin [&hellip;]<\/p>\n","protected":false},"author":1,"featured_media":0,"parent":0,"menu_order":0,"comment_status":"closed","ping_status":"closed","template":"","meta":{"_mi_skip_tracking":false,"_monsterinsights_sitenote_active":false,"_monsterinsights_sitenote_note":"","_monsterinsights_sitenote_category":0,"ocean_post_layout":"","ocean_both_sidebars_style":"","ocean_both_sidebars_content_width":0,"ocean_both_sidebars_sidebars_width":0,"ocean_sidebar":"0","ocean_second_sidebar":"0","ocean_disable_margins":"enable","ocean_add_body_class":"","ocean_shortcode_before_top_bar":"","ocean_shortcode_after_top_bar":"","ocean_shortcode_before_header":"","ocean_shortcode_after_header":"","ocean_has_shortcode":"","ocean_shortcode_after_title":"","ocean_shortcode_before_footer_widgets":"","ocean_shortcode_after_footer_widgets":"","ocean_shortcode_before_footer_bottom":"","ocean_shortcode_after_footer_bottom":"","ocean_display_top_bar":"default","ocean_display_header":"default","ocean_header_style":"","ocean_center_header_left_menu":"0","ocean_custom_header_template":"0","ocean_custom_logo":0,"ocean_custom_retina_logo":0,"ocean_custom_logo_max_width":0,"ocean_custom_logo_tablet_max_width":0,"ocean_custom_logo_mobile_max_width":0,"ocean_custom_logo_max_height":0,"ocean_custom_logo_tablet_max_height":0,"ocean_custom_logo_mobile_max_height":0,"ocean_header_custom_menu":"0","ocean_menu_typo_font_family":"0","ocean_menu_typo_font_subset":"","ocean_menu_typo_font_size":0,"ocean_menu_typo_font_size_tablet":0,"ocean_menu_typo_font_size_mobile":0,"ocean_menu_typo_font_size_unit":"px","ocean_menu_typo_font_weight":"","ocean_menu_typo_font_weight_tablet":"","ocean_menu_typo_font_weight_mobile":"","ocean_menu_typo_transform":"","ocean_menu_typo_transform_tablet":"","ocean_menu_typo_transform_mobile":"","ocean_menu_typo_line_height":0,"ocean_menu_typo_line_height_tablet":0,"ocean_menu_typo_line_height_mobile":0,"ocean_menu_typo_line_height_unit":"","ocean_menu_typo_spacing":0,"ocean_menu_typo_spacing_tablet":0,"ocean_menu_typo_spacing_mobile":0,"ocean_menu_typo_spacing_unit":"","ocean_menu_link_color":"","ocean_menu_link_color_hover":"","ocean_menu_link_color_active":"","ocean_menu_link_background":"","ocean_menu_link_hover_background":"","ocean_menu_link_active_background":"","ocean_menu_social_links_bg":"","ocean_menu_social_hover_links_bg":"","ocean_menu_social_links_color":"","ocean_menu_social_hover_links_color":"","ocean_disable_title":"default","ocean_disable_heading":"default","ocean_post_title":"","ocean_post_subheading":"","ocean_post_title_style":"","ocean_post_title_background_color":"","ocean_post_title_background":0,"ocean_post_title_bg_image_position":"","ocean_post_title_bg_image_attachment":"","ocean_post_title_bg_image_repeat":"","ocean_post_title_bg_image_size":"","ocean_post_title_height":0,"ocean_post_title_bg_overlay":0.5,"ocean_post_title_bg_overlay_color":"","ocean_disable_breadcrumbs":"default","ocean_breadcrumbs_color":"","ocean_breadcrumbs_separator_color":"","ocean_breadcrumbs_links_color":"","ocean_breadcrumbs_links_hover_color":"","ocean_display_footer_widgets":"default","ocean_display_footer_bottom":"default","ocean_custom_footer_template":"0"},"yoast_head":"<!-- This site is optimized with the Yoast SEO plugin v17.1 - https:\/\/yoast.com\/wordpress\/plugins\/seo\/ -->\n<title>\u00bfPor qu\u00e9 el nombre de \u201cEl Juglar, Asociaci\u00f3n Cultural\u201d? &raquo; El Juglar Asociaci\u00f3n Cultural<\/title>\n<meta name=\"robots\" content=\"index, follow, max-snippet:-1, max-image-preview:large, max-video-preview:-1\" \/>\n<link rel=\"canonical\" href=\"https:\/\/www.eljuglarcultural.com.pe\/web\/por-que-el-nombre-de-el-juglar\/\" \/>\n<meta property=\"og:locale\" content=\"es_ES\" \/>\n<meta property=\"og:type\" content=\"article\" \/>\n<meta property=\"og:title\" content=\"\u00bfPor qu\u00e9 el nombre de \u201cEl Juglar, Asociaci\u00f3n Cultural\u201d? &raquo; El Juglar Asociaci\u00f3n Cultural\" \/>\n<meta property=\"og:description\" content=\"\u00bfPor qu\u00e9 el nombre de \u201cEl Juglar, Asociaci\u00f3n Cultural\u201d? Los juglares, mitad poetas, mitad actores- cantantes, eran personajes itinerantes de la Edad Media, que viajaban de pueblo en pueblo, sin [&hellip;]\" \/>\n<meta property=\"og:url\" content=\"https:\/\/www.eljuglarcultural.com.pe\/web\/por-que-el-nombre-de-el-juglar\/\" \/>\n<meta property=\"og:site_name\" content=\"El Juglar Asociaci\u00f3n Cultural\" \/>\n<meta property=\"article:publisher\" content=\"https:\/\/www.facebook.com\/ElJuglarAsociacionCultural\/\" \/>\n<meta property=\"article:modified_time\" content=\"2020-12-08T23:01:01+00:00\" \/>\n<meta property=\"og:image\" content=\"http:\/\/test.somitech.net\/juglar\/wp-content\/uploads\/2020\/09\/Por-que-el-nombre-El-Juglar_2.jpg\" \/>\n<meta name=\"twitter:card\" content=\"summary_large_image\" \/>\n<meta name=\"twitter:label1\" content=\"Tiempo de lectura\" \/>\n\t<meta name=\"twitter:data1\" content=\"1 minuto\" \/>\n<script type=\"application\/ld+json\" class=\"yoast-schema-graph\">{\"@context\":\"https:\/\/schema.org\",\"@graph\":[{\"@type\":\"Organization\",\"@id\":\"https:\/\/www.eljuglarcultural.com.pe\/web\/#organization\",\"name\":\"El Juglar Asociaci\\u00f3n Cultural\",\"url\":\"https:\/\/www.eljuglarcultural.com.pe\/web\/\",\"sameAs\":[\"https:\/\/www.facebook.com\/ElJuglarAsociacionCultural\/\",\"https:\/\/www.instagram.com\/eljuglarcultural\/\"],\"logo\":{\"@type\":\"ImageObject\",\"@id\":\"https:\/\/www.eljuglarcultural.com.pe\/web\/#logo\",\"inLanguage\":\"es\",\"url\":\"https:\/\/www.eljuglarcultural.com.pe\/web\/wp-content\/uploads\/2020\/11\/LogoEGAC_1.png\",\"contentUrl\":\"https:\/\/www.eljuglarcultural.com.pe\/web\/wp-content\/uploads\/2020\/11\/LogoEGAC_1.png\",\"width\":1372,\"height\":568,\"caption\":\"El Juglar Asociaci\\u00f3n Cultural\"},\"image\":{\"@id\":\"https:\/\/www.eljuglarcultural.com.pe\/web\/#logo\"}},{\"@type\":\"WebSite\",\"@id\":\"https:\/\/www.eljuglarcultural.com.pe\/web\/#website\",\"url\":\"https:\/\/www.eljuglarcultural.com.pe\/web\/\",\"name\":\"El Juglar Asociaci\\u00f3n Cultural\",\"description\":\"Juglar Asociaci\\u00f3n Cultural Teatro Talleres Juglareando Montajes\",\"publisher\":{\"@id\":\"https:\/\/www.eljuglarcultural.com.pe\/web\/#organization\"},\"potentialAction\":[{\"@type\":\"SearchAction\",\"target\":{\"@type\":\"EntryPoint\",\"urlTemplate\":\"https:\/\/www.eljuglarcultural.com.pe\/web\/?s={search_term_string}\"},\"query-input\":\"required name=search_term_string\"}],\"inLanguage\":\"es\"},{\"@type\":\"ImageObject\",\"@id\":\"https:\/\/www.eljuglarcultural.com.pe\/web\/por-que-el-nombre-de-el-juglar\/#primaryimage\",\"inLanguage\":\"es\",\"url\":\"https:\/\/www.eljuglarcultural.com.pe\/web\/wp-content\/uploads\/2020\/11\/Juglar02.jpg\",\"contentUrl\":\"https:\/\/www.eljuglarcultural.com.pe\/web\/wp-content\/uploads\/2020\/11\/Juglar02.jpg\",\"width\":500,\"height\":671},{\"@type\":\"WebPage\",\"@id\":\"https:\/\/www.eljuglarcultural.com.pe\/web\/por-que-el-nombre-de-el-juglar\/#webpage\",\"url\":\"https:\/\/www.eljuglarcultural.com.pe\/web\/por-que-el-nombre-de-el-juglar\/\",\"name\":\"\\u00bfPor qu\\u00e9 el nombre de \\u201cEl Juglar, Asociaci\\u00f3n Cultural\\u201d? &raquo; El Juglar Asociaci\\u00f3n Cultural\",\"isPartOf\":{\"@id\":\"https:\/\/www.eljuglarcultural.com.pe\/web\/#website\"},\"primaryImageOfPage\":{\"@id\":\"https:\/\/www.eljuglarcultural.com.pe\/web\/por-que-el-nombre-de-el-juglar\/#primaryimage\"},\"datePublished\":\"2020-09-30T11:24:30+00:00\",\"dateModified\":\"2020-12-08T23:01:01+00:00\",\"breadcrumb\":{\"@id\":\"https:\/\/www.eljuglarcultural.com.pe\/web\/por-que-el-nombre-de-el-juglar\/#breadcrumb\"},\"inLanguage\":\"es\",\"potentialAction\":[{\"@type\":\"ReadAction\",\"target\":[\"https:\/\/www.eljuglarcultural.com.pe\/web\/por-que-el-nombre-de-el-juglar\/\"]}]},{\"@type\":\"BreadcrumbList\",\"@id\":\"https:\/\/www.eljuglarcultural.com.pe\/web\/por-que-el-nombre-de-el-juglar\/#breadcrumb\",\"itemListElement\":[{\"@type\":\"ListItem\",\"position\":1,\"name\":\"Home\",\"item\":\"https:\/\/www.eljuglarcultural.com.pe\/web\/\"},{\"@type\":\"ListItem\",\"position\":2,\"name\":\"\\u00bfPor qu\\u00e9 el nombre de El Juglar?\"}]}]}<\/script>\n<!-- \/ Yoast SEO plugin. -->","yoast_head_json":{"title":"\u00bfPor qu\u00e9 el nombre de \u201cEl Juglar, Asociaci\u00f3n Cultural\u201d? &raquo; El Juglar Asociaci\u00f3n Cultural","robots":{"index":"index","follow":"follow","max-snippet":"max-snippet:-1","max-image-preview":"max-image-preview:large","max-video-preview":"max-video-preview:-1"},"canonical":"https:\/\/www.eljuglarcultural.com.pe\/web\/por-que-el-nombre-de-el-juglar\/","og_locale":"es_ES","og_type":"article","og_title":"\u00bfPor qu\u00e9 el nombre de \u201cEl Juglar, Asociaci\u00f3n Cultural\u201d? &raquo; El Juglar Asociaci\u00f3n Cultural","og_description":"\u00bfPor qu\u00e9 el nombre de \u201cEl Juglar, Asociaci\u00f3n Cultural\u201d? Los juglares, mitad poetas, mitad actores- cantantes, eran personajes itinerantes de la Edad Media, que viajaban de pueblo en pueblo, sin [&hellip;]","og_url":"https:\/\/www.eljuglarcultural.com.pe\/web\/por-que-el-nombre-de-el-juglar\/","og_site_name":"El Juglar Asociaci\u00f3n Cultural","article_publisher":"https:\/\/www.facebook.com\/ElJuglarAsociacionCultural\/","article_modified_time":"2020-12-08T23:01:01+00:00","og_image":[{"url":"http:\/\/test.somitech.net\/juglar\/wp-content\/uploads\/2020\/09\/Por-que-el-nombre-El-Juglar_2.jpg"}],"twitter_card":"summary_large_image","twitter_misc":{"Tiempo de lectura":"1 minuto"},"schema":{"@context":"https:\/\/schema.org","@graph":[{"@type":"Organization","@id":"https:\/\/www.eljuglarcultural.com.pe\/web\/#organization","name":"El Juglar Asociaci\u00f3n Cultural","url":"https:\/\/www.eljuglarcultural.com.pe\/web\/","sameAs":["https:\/\/www.facebook.com\/ElJuglarAsociacionCultural\/","https:\/\/www.instagram.com\/eljuglarcultural\/"],"logo":{"@type":"ImageObject","@id":"https:\/\/www.eljuglarcultural.com.pe\/web\/#logo","inLanguage":"es","url":"https:\/\/www.eljuglarcultural.com.pe\/web\/wp-content\/uploads\/2020\/11\/LogoEGAC_1.png","contentUrl":"https:\/\/www.eljuglarcultural.com.pe\/web\/wp-content\/uploads\/2020\/11\/LogoEGAC_1.png","width":1372,"height":568,"caption":"El Juglar Asociaci\u00f3n Cultural"},"image":{"@id":"https:\/\/www.eljuglarcultural.com.pe\/web\/#logo"}},{"@type":"WebSite","@id":"https:\/\/www.eljuglarcultural.com.pe\/web\/#website","url":"https:\/\/www.eljuglarcultural.com.pe\/web\/","name":"El Juglar Asociaci\u00f3n Cultural","description":"Juglar Asociaci\u00f3n Cultural Teatro Talleres Juglareando Montajes","publisher":{"@id":"https:\/\/www.eljuglarcultural.com.pe\/web\/#organization"},"potentialAction":[{"@type":"SearchAction","target":{"@type":"EntryPoint","urlTemplate":"https:\/\/www.eljuglarcultural.com.pe\/web\/?s={search_term_string}"},"query-input":"required name=search_term_string"}],"inLanguage":"es"},{"@type":"ImageObject","@id":"https:\/\/www.eljuglarcultural.com.pe\/web\/por-que-el-nombre-de-el-juglar\/#primaryimage","inLanguage":"es","url":"https:\/\/www.eljuglarcultural.com.pe\/web\/wp-content\/uploads\/2020\/11\/Juglar02.jpg","contentUrl":"https:\/\/www.eljuglarcultural.com.pe\/web\/wp-content\/uploads\/2020\/11\/Juglar02.jpg","width":500,"height":671},{"@type":"WebPage","@id":"https:\/\/www.eljuglarcultural.com.pe\/web\/por-que-el-nombre-de-el-juglar\/#webpage","url":"https:\/\/www.eljuglarcultural.com.pe\/web\/por-que-el-nombre-de-el-juglar\/","name":"\u00bfPor qu\u00e9 el nombre de \u201cEl Juglar, Asociaci\u00f3n Cultural\u201d? &raquo; El Juglar Asociaci\u00f3n Cultural","isPartOf":{"@id":"https:\/\/www.eljuglarcultural.com.pe\/web\/#website"},"primaryImageOfPage":{"@id":"https:\/\/www.eljuglarcultural.com.pe\/web\/por-que-el-nombre-de-el-juglar\/#primaryimage"},"datePublished":"2020-09-30T11:24:30+00:00","dateModified":"2020-12-08T23:01:01+00:00","breadcrumb":{"@id":"https:\/\/www.eljuglarcultural.com.pe\/web\/por-que-el-nombre-de-el-juglar\/#breadcrumb"},"inLanguage":"es","potentialAction":[{"@type":"ReadAction","target":["https:\/\/www.eljuglarcultural.com.pe\/web\/por-que-el-nombre-de-el-juglar\/"]}]},{"@type":"BreadcrumbList","@id":"https:\/\/www.eljuglarcultural.com.pe\/web\/por-que-el-nombre-de-el-juglar\/#breadcrumb","itemListElement":[{"@type":"ListItem","position":1,"name":"Home","item":"https:\/\/www.eljuglarcultural.com.pe\/web\/"},{"@type":"ListItem","position":2,"name":"\u00bfPor qu\u00e9 el nombre de El Juglar?"}]}]}},"_links":{"self":[{"href":"https:\/\/www.eljuglarcultural.com.pe\/web\/wp-json\/wp\/v2\/pages\/723"}],"collection":[{"href":"https:\/\/www.eljuglarcultural.com.pe\/web\/wp-json\/wp\/v2\/pages"}],"about":[{"href":"https:\/\/www.eljuglarcultural.com.pe\/web\/wp-json\/wp\/v2\/types\/page"}],"author":[{"embeddable":true,"href":"https:\/\/www.eljuglarcultural.com.pe\/web\/wp-json\/wp\/v2\/users\/1"}],"replies":[{"embeddable":true,"href":"https:\/\/www.eljuglarcultural.com.pe\/web\/wp-json\/wp\/v2\/comments?post=723"}],"version-history":[{"count":22,"href":"https:\/\/www.eljuglarcultural.com.pe\/web\/wp-json\/wp\/v2\/pages\/723\/revisions"}],"predecessor-version":[{"id":1333,"href":"https:\/\/www.eljuglarcultural.com.pe\/web\/wp-json\/wp\/v2\/pages\/723\/revisions\/1333"}],"wp:attachment":[{"href":"https:\/\/www.eljuglarcultural.com.pe\/web\/wp-json\/wp\/v2\/media?parent=723"}],"curies":[{"name":"wp","href":"https:\/\/api.w.org\/{rel}","templated":true}]}}